{"id":506,"date":"2020-11-12T08:12:59","date_gmt":"2020-11-12T08:12:59","guid":{"rendered":"https:\/\/sktperfectdemo.com\/themepack\/seo-marketing\/?page_id=506"},"modified":"2023-07-03T14:07:37","modified_gmt":"2023-07-03T14:07:37","slug":"services","status":"publish","type":"page","link":"https:\/\/vilmaprofit.lt\/index.php\/services\/","title":{"rendered":"Paslaugos"},"content":{"rendered":"\t\t<div data-elementor-type=\"wp-page\" data-elementor-id=\"506\" class=\"elementor elementor-506\" data-elementor-settings=\"[]\">\n\t\t\t\t\t\t\t<div class=\"elementor-section-wrap\">\n\t\t\t\t\t\t\t<section class=\"elementor-section elementor-top-section elementor-element elementor-element-620f6a84 elementor-section-boxed elementor-section-height-default elementor-section-height-default\" data-id=\"620f6a84\" data-element_type=\"section\" data-settings=\"{&quot;background_background&quot;:&quot;classic&quot;,&quot;shape_divider_bottom&quot;:&quot;waves&quot;,&quot;shape_divider_bottom_negative&quot;:&quot;yes&quot;}\">\n\t\t\t\t\t<div class=\"elementor-shape elementor-shape-bottom\" data-negative=\"true\">\n\t\t\t<svg xmlns=\"http:\/\/www.w3.org\/2000\/svg\" viewBox=\"0 0 1000 100\" preserveAspectRatio=\"none\">\n\t<path class=\"elementor-shape-fill\" d=\"M790.5,93.1c-59.3-5.3-116.8-18-192.6-50c-29.6-12.7-76.9-31-100.5-35.9c-23.6-4.9-52.6-7.8-75.5-5.3\n\tc-10.2,1.1-22.6,1.4-50.1,7.4c-27.2,6.3-58.2,16.6-79.4,24.7c-41.3,15.9-94.9,21.9-134,22.6C72,58.2,0,25.8,0,25.8V100h1000V65.3\n\tc0,0-51.5,19.4-106.2,25.7C839.5,97,814.1,95.2,790.5,93.1z\"\/>\n<\/svg>\t\t<\/div>\n\t\t\t\t\t<div class=\"elementor-container elementor-column-gap-default\">\n\t\t\t\t\t<div class=\"elementor-column elementor-col-100 elementor-top-column elementor-element elementor-element-40bfbcd6\" data-id=\"40bfbcd6\" data-element_type=\"column\">\n\t\t\t<div class=\"elementor-widget-wrap elementor-element-populated\">\n\t\t\t\t\t\t\t\t<div class=\"elementor-element elementor-element-119704d8 elementor-widget elementor-widget-heading\" data-id=\"119704d8\" data-element_type=\"widget\" data-widget_type=\"heading.default\">\n\t\t\t\t<div class=\"elementor-widget-container\">\n\t\t\t<div class=\"elementor-heading-title elementor-size-default\">Padarykime visk\u0105 lengvai<\/div>\t\t<\/div>\n\t\t\t\t<\/div>\n\t\t\t\t<div class=\"elementor-element elementor-element-5057ee8d elementor-widget elementor-widget-heading\" data-id=\"5057ee8d\" data-element_type=\"widget\" data-widget_type=\"heading.default\">\n\t\t\t\t<div class=\"elementor-widget-container\">\n\t\t\t<div class=\"elementor-heading-title elementor-size-default\">Pasirinkite jus dominan\u010di\u0105 paslaug\u0105<\/div>\t\t<\/div>\n\t\t\t\t<\/div>\n\t\t\t\t<div class=\"elementor-element elementor-element-1aad43ad elementor-widget elementor-widget-shortcode\" data-id=\"1aad43ad\" data-element_type=\"widget\" data-widget_type=\"shortcode.default\">\n\t\t\t\t<div class=\"elementor-widget-container\">\n\t\t\t\t\t<div class=\"elementor-shortcode\"><div class=\"sectionrow service-box\"><div class=\"cols4\"><div class=\"service_wrap\"><div class=\"service_thumb\"><a href=\"https:\/\/vilmaprofit.lt\/index.php\/our-service\/imoniu-likvidavimas\/\" title=\"\u012emoni\u0173 likvidavimas\"><img loading=\"lazy\" decoding=\"async\" width=\"112\" height=\"112\" src=\"https:\/\/vilmaprofit.lt\/wp-content\/uploads\/2020\/11\/sec1-icon2-2.png\" class=\"attachment-full size-full wp-post-image\" alt=\"\" \/><\/a><\/div><div class=\"service__infobox\"><a href=\"https:\/\/vilmaprofit.lt\/index.php\/our-service\/imoniu-likvidavimas\/\" title=\"\u012emoni\u0173 likvidavimas\"><span class=\"service_title\">\u012emoni\u0173 likvidavimas<\/span><\/a><\/div><\/div><\/div><div class=\"cols4\"><div class=\"service_wrap\"><div class=\"service_thumb\"><a href=\"https:\/\/vilmaprofit.lt\/index.php\/our-service\/verslo-planai\/\" title=\"Verslo planai\"><img loading=\"lazy\" decoding=\"async\" width=\"112\" height=\"112\" src=\"https:\/\/vilmaprofit.lt\/wp-content\/uploads\/2020\/11\/sec1-icon1-2.png\" class=\"attachment-full size-full wp-post-image\" alt=\"\" \/><\/a><\/div><div class=\"service__infobox\"><a href=\"https:\/\/vilmaprofit.lt\/index.php\/our-service\/verslo-planai\/\" title=\"Verslo planai\"><span class=\"service_title\">Verslo planai<\/span><\/a><\/div><\/div><\/div><div class=\"cols4\"><div class=\"service_wrap\"><div class=\"service_thumb\"><a href=\"https:\/\/vilmaprofit.lt\/index.php\/our-service\/paraiskos-bankams\/\" title=\"Parai\u0161kos bankams\"><img loading=\"lazy\" decoding=\"async\" width=\"112\" height=\"112\" src=\"https:\/\/vilmaprofit.lt\/wp-content\/uploads\/2020\/11\/sec1-icon2-2.png\" class=\"attachment-full size-full wp-post-image\" alt=\"\" \/><\/a><\/div><div class=\"service__infobox\"><a href=\"https:\/\/vilmaprofit.lt\/index.php\/our-service\/paraiskos-bankams\/\" title=\"Parai\u0161kos bankams\"><span class=\"service_title\">Parai\u0161kos bankams<\/span><\/a><\/div><\/div><\/div><div class=\"cols4\"><div class=\"service_wrap\"><div class=\"service_thumb\"><a href=\"https:\/\/vilmaprofit.lt\/index.php\/our-service\/paraiskos-kredito-unijoms\/\" title=\"Parai\u0161kos kredito unijoms\"><img loading=\"lazy\" decoding=\"async\" width=\"112\" height=\"112\" src=\"https:\/\/vilmaprofit.lt\/wp-content\/uploads\/2020\/11\/sec1-icon3-2.png\" class=\"attachment-full size-full wp-post-image\" alt=\"\" \/><\/a><\/div><div class=\"service__infobox\"><a href=\"https:\/\/vilmaprofit.lt\/index.php\/our-service\/paraiskos-kredito-unijoms\/\" title=\"Parai\u0161kos kredito unijoms\"><span class=\"service_title\">Parai\u0161kos kredito unijoms<\/span><\/a><\/div><\/div><\/div><div class=\"cols4\"><div class=\"service_wrap\"><div class=\"service_thumb\"><a href=\"https:\/\/vilmaprofit.lt\/index.php\/our-service\/parama-verslui\/\" title=\"Parama verslui\"><img loading=\"lazy\" decoding=\"async\" width=\"112\" height=\"112\" src=\"https:\/\/vilmaprofit.lt\/wp-content\/uploads\/2020\/11\/sec1-icon4-2.png\" class=\"attachment-full size-full wp-post-image\" alt=\"\" \/><\/a><\/div><div class=\"service__infobox\"><a href=\"https:\/\/vilmaprofit.lt\/index.php\/our-service\/parama-verslui\/\" title=\"Parama verslui\"><span class=\"service_title\">Parama verslui<\/span><\/a><\/div><\/div><\/div><div class=\"cols4\"><div class=\"service_wrap\"><div class=\"service_thumb\"><a href=\"https:\/\/vilmaprofit.lt\/index.php\/our-service\/imoniu-steigimas\/\" title=\"\u012emoni\u0173 \u012fsteigimas\"><img loading=\"lazy\" decoding=\"async\" width=\"112\" height=\"112\" src=\"https:\/\/vilmaprofit.lt\/wp-content\/uploads\/2020\/11\/sec1-icon2-2.png\" class=\"attachment-full size-full wp-post-image\" alt=\"\" \/><\/a><\/div><div class=\"service__infobox\"><a href=\"https:\/\/vilmaprofit.lt\/index.php\/our-service\/imoniu-steigimas\/\" title=\"\u012emoni\u0173 \u012fsteigimas\"><span class=\"service_title\">\u012emoni\u0173 \u012fsteigimas<\/span><\/a><\/div><\/div><\/div><div class=\"cols4\"><div class=\"service_wrap\"><div class=\"service_thumb\"><a href=\"https:\/\/vilmaprofit.lt\/index.php\/our-service\/buhalterine-apskaita\/\" title=\"Buhalterin\u0117 apskaita\"><img loading=\"lazy\" decoding=\"async\" width=\"112\" height=\"112\" src=\"https:\/\/vilmaprofit.lt\/wp-content\/uploads\/2020\/11\/sec1-icon1-2.png\" class=\"attachment-full size-full wp-post-image\" alt=\"\" \/><\/a><\/div><div class=\"service__infobox\"><a href=\"https:\/\/vilmaprofit.lt\/index.php\/our-service\/buhalterine-apskaita\/\" title=\"Buhalterin\u0117 apskaita\"><span class=\"service_title\">Buhalterin\u0117 apskaita<\/span><\/a><\/div><\/div><\/div><\/div><\/div>\n\t\t\t\t<\/div>\n\t\t\t\t<\/div>\n\t\t\t\t\t<\/div>\n\t\t<\/div>\n\t\t\t\t\t\t\t<\/div>\n\t\t<\/section>\n\t\t\t\t<section class=\"elementor-section elementor-top-section elementor-element elementor-element-6718b7e home-section13 elementor-section-boxed elementor-section-height-default elementor-section-height-default\" data-id=\"6718b7e\" data-element_type=\"section\" data-settings=\"{&quot;background_background&quot;:&quot;classic&quot;}\">\n\t\t\t\t\t\t<div class=\"elementor-container elementor-column-gap-default\">\n\t\t\t\t\t<div class=\"elementor-column elementor-col-33 elementor-top-column elementor-element elementor-element-c836121\" data-id=\"c836121\" data-element_type=\"column\">\n\t\t\t<div class=\"elementor-widget-wrap elementor-element-populated\">\n\t\t\t\t\t\t\t\t<div class=\"elementor-element elementor-element-b0d30e3 elementor-widget elementor-widget-heading\" data-id=\"b0d30e3\" data-element_type=\"widget\" data-widget_type=\"heading.default\">\n\t\t\t\t<div class=\"elementor-widget-container\">\n\t\t\t<div class=\"elementor-heading-title elementor-size-default\">Para\u0161ykite \u010dia ir dabar<\/div>\t\t<\/div>\n\t\t\t\t<\/div>\n\t\t\t\t<div class=\"elementor-element elementor-element-335d069 home-contctform elementor-widget elementor-widget-shortcode\" data-id=\"335d069\" data-element_type=\"widget\" data-widget_type=\"shortcode.default\">\n\t\t\t\t<div class=\"elementor-widget-container\">\n\t\t\t\t\t<div class=\"elementor-shortcode\"><div role=\"form\" class=\"wpcf7\" id=\"wpcf7-f1075-o1\" lang=\"en-US\" dir=\"ltr\">\n<div class=\"screen-reader-response\"><p role=\"status\" aria-live=\"polite\" aria-atomic=\"true\"><\/p> <ul><\/ul><\/div>\n<form action=\"\/index.php\/wp-json\/wp\/v2\/pages\/506#wpcf7-f1075-o1\" method=\"post\" class=\"wpcf7-form init\" novalidate=\"novalidate\" data-status=\"init\">\n<div style=\"display: none;\">\n<input type=\"hidden\" name=\"_wpcf7\" value=\"1075\" \/>\n<input type=\"hidden\" name=\"_wpcf7_version\" value=\"5.5.2\" \/>\n<input type=\"hidden\" name=\"_wpcf7_locale\" value=\"en_US\" \/>\n<input type=\"hidden\" name=\"_wpcf7_unit_tag\" value=\"wpcf7-f1075-o1\" \/>\n<input type=\"hidden\" name=\"_wpcf7_container_post\" value=\"0\" \/>\n<input type=\"hidden\" name=\"_wpcf7_posted_data_hash\" value=\"\" \/>\n<input type=\"hidden\" name=\"_wpcf7_recaptcha_response\" value=\"\" \/>\n<\/div>\n<p><label> J\u016bs\u0173 vardas<br \/>\n    <span class=\"wpcf7-form-control-wrap your-name\"><input type=\"text\" name=\"your-name\" value=\"\" size=\"40\" class=\"wpcf7-form-control wpcf7-text wpcf7-validates-as-required\" aria-required=\"true\" aria-invalid=\"false\" \/><\/span> <\/label><\/p>\n<p><label> J\u016bs\u0173 el.pa\u0161tas<br \/>\n    <span class=\"wpcf7-form-control-wrap your-email\"><input type=\"email\" name=\"your-email\" value=\"\" size=\"40\" class=\"wpcf7-form-control wpcf7-text wpcf7-email wpcf7-validates-as-required wpcf7-validates-as-email\" aria-required=\"true\" aria-invalid=\"false\" \/><\/span> <\/label><\/p>\n<p><label> Tema<br \/>\n    <span class=\"wpcf7-form-control-wrap your-subject\"><input type=\"text\" name=\"your-subject\" value=\"\" size=\"40\" class=\"wpcf7-form-control wpcf7-text wpcf7-validates-as-required\" aria-required=\"true\" aria-invalid=\"false\" \/><\/span> <\/label><\/p>\n<p><label> J\u016bs\u0173 \u017einut\u0117<br \/>\n    <span class=\"wpcf7-form-control-wrap your-message\"><textarea name=\"your-message\" cols=\"40\" rows=\"10\" class=\"wpcf7-form-control wpcf7-textarea\" aria-invalid=\"false\"><\/textarea><\/span> <\/label><\/p>\n<p><input type=\"submit\" value=\"Si\u0173sti\" class=\"wpcf7-form-control has-spinner wpcf7-submit\" \/><\/p>\n<div class=\"wpcf7-response-output\" aria-hidden=\"true\"><\/div><\/form><\/div><\/div>\n\t\t\t\t<\/div>\n\t\t\t\t<\/div>\n\t\t\t\t\t<\/div>\n\t\t<\/div>\n\t\t\t\t<div class=\"elementor-column elementor-col-33 elementor-top-column elementor-element elementor-element-766eebe\" data-id=\"766eebe\" data-element_type=\"column\">\n\t\t\t<div class=\"elementor-widget-wrap elementor-element-populated\">\n\t\t\t\t\t\t\t\t\t<\/div>\n\t\t<\/div>\n\t\t\t\t<div class=\"elementor-column elementor-col-33 elementor-top-column elementor-element elementor-element-e62bfb7\" data-id=\"e62bfb7\" data-element_type=\"column\">\n\t\t\t<div class=\"elementor-widget-wrap elementor-element-populated\">\n\t\t\t\t\t\t\t\t<div class=\"elementor-element elementor-element-b2a32ef elementor-position-left elementor-vertical-align-top elementor-widget elementor-widget-image-box\" data-id=\"b2a32ef\" data-element_type=\"widget\" data-widget_type=\"image-box.default\">\n\t\t\t\t<div class=\"elementor-widget-container\">\n\t\t\t<div class=\"elementor-image-box-wrapper\"><figure class=\"elementor-image-box-img\"><img loading=\"lazy\" decoding=\"async\" width=\"70\" height=\"76\" src=\"https:\/\/vilmaprofit.lt\/wp-content\/uploads\/2020\/11\/address-icon-2.png\" class=\"attachment-full size-full\" alt=\"\" \/><\/figure><div class=\"elementor-image-box-content\"><div class=\"elementor-image-box-title\">Susitikimui<\/div><p class=\"elementor-image-box-description\">surasite mus Kaune<\/p><\/div><\/div>\t\t<\/div>\n\t\t\t\t<\/div>\n\t\t\t\t<div class=\"elementor-element elementor-element-e267af6 elementor-position-left elementor-vertical-align-top elementor-widget elementor-widget-image-box\" data-id=\"e267af6\" data-element_type=\"widget\" data-widget_type=\"image-box.default\">\n\t\t\t\t<div class=\"elementor-widget-container\">\n\t\t\t<div class=\"elementor-image-box-wrapper\"><figure class=\"elementor-image-box-img\"><img loading=\"lazy\" decoding=\"async\" width=\"70\" height=\"76\" src=\"https:\/\/vilmaprofit.lt\/wp-content\/uploads\/2020\/11\/email-icon-2.png\" class=\"attachment-full size-full\" alt=\"\" \/><\/figure><div class=\"elementor-image-box-content\"><div class=\"elementor-image-box-title\">Gauti atsakym\u0105<\/div><p class=\"elementor-image-box-description\">Email: pagalba@vilmaprofit.lt<\/p><\/div><\/div>\t\t<\/div>\n\t\t\t\t<\/div>\n\t\t\t\t<div class=\"elementor-element elementor-element-f8d4655 elementor-position-left elementor-vertical-align-top elementor-widget elementor-widget-image-box\" data-id=\"f8d4655\" data-element_type=\"widget\" data-widget_type=\"image-box.default\">\n\t\t\t\t<div class=\"elementor-widget-container\">\n\t\t\t<div class=\"elementor-image-box-wrapper\"><figure class=\"elementor-image-box-img\"><img loading=\"lazy\" decoding=\"async\" width=\"70\" height=\"76\" src=\"https:\/\/vilmaprofit.lt\/wp-content\/uploads\/2020\/11\/phone-icon-2.png\" class=\"attachment-full size-full\" alt=\"\" \/><\/figure><div class=\"elementor-image-box-content\"><div class=\"elementor-image-box-title\">Pasitarti<\/div><p class=\"elementor-image-box-description\">T: +370 602 58515<\/p><\/div><\/div>\t\t<\/div>\n\t\t\t\t<\/div>\n\t\t\t\t\t<\/div>\n\t\t<\/div>\n\t\t\t\t\t\t\t<\/div>\n\t\t<\/section>\n\t\t\t\t\t\t<\/div>\n\t\t\t\t\t<\/div>\n\t\t","protected":false},"excerpt":{"rendered":"<p>Padarykime visk\u0105 lengvai Pasirinkite jus dominan\u010di\u0105 paslaug\u0105 Para\u0161ykite \u010dia ir dabar Susitikimui surasite mus Kaune Gauti atsakym\u0105 Email: pagalba@vilmaprofit.lt Pasitarti T: +370 602 58515<\/p>\n","protected":false},"author":1,"featured_media":0,"parent":0,"menu_order":0,"comment_status":"closed","ping_status":"closed","template":"templates\/page-builder.php","meta":{"footnotes":""},"class_list":["post-506","page","type-page","status-publish","hentry"],"_links":{"self":[{"href":"https:\/\/vilmaprofit.lt\/index.php\/wp-json\/wp\/v2\/pages\/506","targetHints":{"allow":["GET"]}}],"collection":[{"href":"https:\/\/vilmaprofit.lt\/index.php\/wp-json\/wp\/v2\/pages"}],"about":[{"href":"https:\/\/vilmaprofit.lt\/index.php\/wp-json\/wp\/v2\/types\/page"}],"author":[{"embeddable":true,"href":"https:\/\/vilmaprofit.lt\/index.php\/wp-json\/wp\/v2\/users\/1"}],"replies":[{"embeddable":true,"href":"https:\/\/vilmaprofit.lt\/index.php\/wp-json\/wp\/v2\/comments?post=506"}],"version-history":[{"count":23,"href":"https:\/\/vilmaprofit.lt\/index.php\/wp-json\/wp\/v2\/pages\/506\/revisions"}],"predecessor-version":[{"id":1898,"href":"https:\/\/vilmaprofit.lt\/index.php\/wp-json\/wp\/v2\/pages\/506\/revisions\/1898"}],"wp:attachment":[{"href":"https:\/\/vilmaprofit.lt\/index.php\/wp-json\/wp\/v2\/media?parent=506"}],"curies":[{"name":"wp","href":"https:\/\/api.w.org\/{rel}","templated":true}]}}